{"id":689,"date":"2022-07-20T21:56:40","date_gmt":"2022-07-20T21:56:40","guid":{"rendered":"https:\/\/dev.intrepidhost.com\/es-pe\/?page_id=689"},"modified":"2022-07-20T21:59:00","modified_gmt":"2022-07-20T21:59:00","slug":"cultura","status":"publish","type":"page","link":"https:\/\/intrepidhost.com\/es-cl\/cultura\/","title":{"rendered":"Cultura"},"content":{"rendered":"\t\t<div data-elementor-type=\"wp-page\" data-elementor-id=\"689\" class=\"elementor elementor-689\">\n\t\t\t\t\t\t\t\t\t<section class=\"elementor-section elementor-top-section elementor-element elementor-element-2882978f static-padding-element elementor-section-boxed elementor-section-height-default elementor-section-height-default\" data-id=\"2882978f\" data-element_type=\"section\" data-settings=\"{&quot;background_background&quot;:&quot;gradient&quot;}\">\n\t\t\t\t\t\t\t<div class=\"elementor-background-overlay\"><\/div>\n\t\t\t\t\t\t\t<div class=\"elementor-container elementor-column-gap-default\">\n\t\t\t\t\t<div class=\"elementor-column elementor-col-100 elementor-top-column elementor-element elementor-element-869693f\" data-id=\"869693f\" data-element_type=\"column\">\n\t\t\t<div class=\"elementor-widget-wrap elementor-element-populated\">\n\t\t\t\t\t\t\t\t<div class=\"elementor-element elementor-element-54cbd954 elementor-widget elementor-widget-wdes-section-header-widget\" data-id=\"54cbd954\" data-element_type=\"widget\" data-widget_type=\"wdes-section-header-widget.default\">\n\t\t\t\t<div class=\"elementor-widget-container\">\n\t\t\t<section class=\"widget-content wdes-widget-section-header\"><div class=\"wdes-widget-inner wdes-text-align-center \"><h1 class=\"wdes-section-header-primary\">Cultura<\/h1><\/div><\/section>\t\t<\/div>\n\t\t\t\t<\/div>\n\t\t\t\t\t<\/div>\n\t\t<\/div>\n\t\t\t\t\t\t\t<\/div>\n\t\t<\/section>\n\t\t\t\t<section class=\"elementor-section elementor-top-section elementor-element elementor-element-8e5d33a static-padding-element elementor-section-boxed elementor-section-height-default elementor-section-height-default\" data-id=\"8e5d33a\" data-element_type=\"section\" data-settings=\"{&quot;background_background&quot;:&quot;classic&quot;}\">\n\t\t\t\t\t\t<div class=\"elementor-container elementor-column-gap-default\">\n\t\t\t\t\t<div class=\"elementor-column elementor-col-100 elementor-top-column elementor-element elementor-element-ec96867\" data-id=\"ec96867\" data-element_type=\"column\">\n\t\t\t<div class=\"elementor-widget-wrap elementor-element-populated\">\n\t\t\t\t\t\t\t\t<div class=\"elementor-element elementor-element-01aeaac elementor-widget elementor-widget-wdes-section-header-widget\" data-id=\"01aeaac\" data-element_type=\"widget\" data-widget_type=\"wdes-section-header-widget.default\">\n\t\t\t\t<div class=\"elementor-widget-container\">\n\t\t\t<section class=\"widget-content wdes-widget-section-header\"><div class=\"wdes-widget-inner wdes-text-align-center \"><h2 class=\"wdes-section-header-primary\">Nuestra cultura laboral<\/h2><\/div><\/section>\t\t<\/div>\n\t\t\t\t<\/div>\n\t\t\t\t<div class=\"elementor-element elementor-element-6518159 elementor-widget elementor-widget-text-editor\" data-id=\"6518159\" data-element_type=\"widget\" data-widget_type=\"text-editor.default\">\n\t\t\t\t<div class=\"elementor-widget-container\">\n\t\t\t<style>\/*! elementor - v3.7.4 - 31-08-2022 *\/\n.elementor-widget-text-editor.elementor-drop-cap-view-stacked .elementor-drop-cap{background-color:#818a91;color:#fff}.elementor-widget-text-editor.elementor-drop-cap-view-framed .elementor-drop-cap{color:#818a91;border:3px solid;background-color:transparent}.elementor-widget-text-editor:not(.elementor-drop-cap-view-default) .elementor-drop-cap{margin-top:8px}.elementor-widget-text-editor:not(.elementor-drop-cap-view-default) .elementor-drop-cap-letter{width:1em;height:1em}.elementor-widget-text-editor .elementor-drop-cap{float:left;text-align:center;line-height:1;font-size:50px}.elementor-widget-text-editor .elementor-drop-cap-letter{display:inline-block}<\/style>\t\t\t\t<p>Intrepidhost SAC es una empresa que naci\u00f3 en medio del distanciamiento social y la pandemia por Covid 19 Nuestras oficinas funcionan en la ciudad de Lima \u2013 Per\u00fa.<\/p><p>Nacimos como una empresa <strong>100% remota<\/strong>, esto nos permite tener talento humano de todo el mundo. Contamos en nuestro equipo con personas en Per\u00fa, Colombia, Venezuela y Estados Unidos.<\/p><p>En nuestro equipo existen todo tipo de religiones, credos y orientaciones culturales, sexuales y personales, esto nos ayuda a crecer.<b><br \/><\/b><\/p><p><b>Nuestros valores se pueden resumir de la siguiente forma:<\/b><\/p><h2><b>Aprendemos a diario:<\/b><\/h2><p>En nuestro equipo est\u00e1 conformado por personas con una inagotable curiosidad intelectual, que tienen gran inter\u00e9s de adquirir nuevos conocimientos a diario y todo el tiempo est\u00e1n leyendo, investigando y form\u00e1ndose.<b><br \/><\/b><\/p><h2><b>Nuestros clientes son primero<br \/><\/b><\/h2><p>Nuestros clientes son lo primero. por eso nos esmeramos en brindarle el apoyo incondicional a nuestros clientes para poder implementar nuevas soluciones y ideas de negocio, con el fin de generar desarrollo para la regi\u00f3n.<\/p><h2><b>Nos Innovamos y Actualizamos a diario<\/b><\/h2><p>Lo que hacemos es dif\u00edcil. Siempre estamos creando, dise\u00f1ando, desarrollando o implementando nuevas tecnolog\u00edas. Vivimos en la era de la informaci\u00f3n y estamos conscientes de ello, por eso estamos en constante revisi\u00f3n, nos desenvolvemos en un \u00e1rea que cambia a diario, esto nos obliga a ofrecer servicios y soluciones adaptados a las necesidades de nuestros clientes. Para cumplir con las demandas del mercado y de los nuevos desarrollos es necesaria la constante innovaci\u00f3n y actualizaci\u00f3n.<\/p><h2><b>\u00bfComo actuamos?<\/b><\/h2><p>Estamos muy comprometidos en generar espacios libre de acoso <strong>sin importar el g\u00e9nero, orientaci\u00f3n sexual, discapacidad, apariencia f\u00edsica, raza o religi\u00f3n<\/strong>. Trabajamos en un entorno que promueve la colaboraci\u00f3n <strong>libre de juicios, bullying y egocentrismo<\/strong>. Escuchamos a cada persona y respetamos las opiniones en general.<\/p><p>Tenemos ciertas reglas que nos comprometemos a seguir.<\/p><p>\u2013 No permitimos ning\u00fan tipo de acoso o violencia.<br \/>\u2013 Estamos en contra del abuso de poder, acoso sexual y otros tipos de ataques personales.<br \/>\u2013 Respetamos la diversidad cultural por eso los ataques racistas, sexistas, xen\u00f3fobos o similares no son aceptados.<br \/>\u2013 Las personas que tengan este tipo de conducta ser\u00e1n advertidas, de ser reincidentes se tomar\u00e1n las medidas necesarias para evitar que suceda de nuevo incluyendo la baja de sus servicios.<\/p><div>\u00a0<\/div><div><h2><b>Los equipos que conforman Intrepidhost SAC son:<\/b><\/h2><\/div><div><b>Asesores Comerciales: <\/b>Generalmente son el primer contacto con Intrepidhost, se encargan de estudiar las necesidades de nuestros clientes y asesorar sobre los servicios que mejor se adaptan a sus necesidades, adicionalmente explicar muy bien cada uno de nuestros servicios.<\/div><div>\u00a0<\/div><div><b>Soporte T\u00e9cnico:<\/b> Resuelven cualquier problema que nuestros clientes puedan tener, son los que m\u00e1s contacto tienen con nuestros clientes as\u00ed que nos generan la mayor cantidad de feedback para mejorar los servicios.<\/div><div>\u00a0<\/div><div><b>Sysadmins: <\/b>Se encargan de dise\u00f1ar e implementar nuevas soluciones, administrar, monitorizar y mantener operativos los servidores en producci\u00f3n, adicionalmente son los encargados de soporte de nivel 2 y 3.<\/div><div><b>\u00a0<\/b><\/div><div><b>Administraci\u00f3n:<\/b> Son los encargados de ayudar a nuestros clientes en cualquier duda administrativa que tengan, adem\u00e1s de ayudarnos a planificar los costos y viabilidad de los servicios que implementamos.<\/div><div>\u00a0<\/div><p><b>Marketing: <\/b>Dise\u00f1an las estrategias y ejecutan campa\u00f1as para que las personas conozcan los servicios que Intrepidhost ofrece, realizan posicionamiento de contenidos y de nuestra marca, adem\u00e1s de ser los encargados de todas las redes sociales y los art\u00edculos que publicamos.<\/p>\t\t\t\t\t\t<\/div>\n\t\t\t\t<\/div>\n\t\t\t\t\t<\/div>\n\t\t<\/div>\n\t\t\t\t\t\t\t<\/div>\n\t\t<\/section>\n\t\t\t\t<section class=\"elementor-section elementor-top-section elementor-element elementor-element-12672016 elementor-section-boxed elementor-section-height-default elementor-section-height-default\" data-id=\"12672016\" data-element_type=\"section\" data-settings=\"{&quot;background_background&quot;:&quot;classic&quot;,&quot;shape_divider_top&quot;:&quot;clouds&quot;}\">\n\t\t\t\t\t\t\t<div class=\"elementor-background-overlay\"><\/div>\n\t\t\t\t\t\t<div class=\"elementor-shape elementor-shape-top\" data-negative=\"false\">\n\t\t\t<svg xmlns=\"http:\/\/www.w3.org\/2000\/svg\" viewBox=\"0 0 283.5 27.8\" preserveAspectRatio=\"xMidYMax slice\">\n  <path class=\"elementor-shape-fill\" d=\"M0 0v6.7c1.9-.8 4.7-1.4 8.5-1 9.5 1.1 11.1 6 11.1 6s2.1-.7 4.3-.2c2.1.5 2.8 2.6 2.8 2.6s.2-.5 1.4-.7c1.2-.2 1.7.2 1.7.2s0-2.1 1.9-2.8c1.9-.7 3.6.7 3.6.7s.7-2.9 3.1-4.1 4.7 0 4.7 0 1.2-.5 2.4 0 1.7 1.4 1.7 1.4h1.4c.7 0 1.2.7 1.2.7s.8-1.8 4-2.2c3.5-.4 5.3 2.4 6.2 4.4.4-.4 1-.7 1.8-.9 2.8-.7 4 .7 4 .7s1.7-5 11.1-6c9.5-1.1 12.3 3.9 12.3 3.9s1.2-4.8 5.7-5.7c4.5-.9 6.8 1.8 6.8 1.8s.6-.6 1.5-.9c.9-.2 1.9-.2 1.9-.2s5.2-6.4 12.6-3.3c7.3 3.1 4.7 9 4.7 9s1.9-.9 4 0 2.8 2.4 2.8 2.4 1.9-1.2 4.5-1.2 4.3 1.2 4.3 1.2.2-1 1.4-1.7 2.1-.7 2.1-.7-.5-3.1 2.1-5.5 5.7-1.4 5.7-1.4 1.5-2.3 4.2-1.1c2.7 1.2 1.7 5.2 1.7 5.2s.3-.1 1.3.5c.5.4.8.8.9 1.1.5-1.4 2.4-5.8 8.4-4 7.1 2.1 3.5 8.9 3.5 8.9s.8-.4 2 0 1.1 1.1 1.1 1.1 1.1-1.1 2.3-1.1 2.1.5 2.1.5 1.9-3.6 6.2-1.2 1.9 6.4 1.9 6.4 2.6-2.4 7.4 0c3.4 1.7 3.9 4.9 3.9 4.9s3.3-6.9 10.4-7.9 11.5 2.6 11.5 2.6.8 0 1.2.2c.4.2.9.9.9.9s4.4-3.1 8.3.2c1.9 1.7 1.5 5 1.5 5s.3-1.1 1.6-1.4c1.3-.3 2.3.2 2.3.2s-.1-1.2.5-1.9 1.9-.9 1.9-.9-4.7-9.3 4.4-13.4c5.6-2.5 9.2.9 9.2.9s5-6.2 15.9-6.2 16.1 8.1 16.1 8.1.7-.2 1.6-.4V0H0z\"\/>\n<\/svg>\n\t\t<\/div>\n\t\t\t\t\t<div class=\"elementor-container elementor-column-gap-default\">\n\t\t\t\t\t<div class=\"elementor-column elementor-col-100 elementor-top-column elementor-element elementor-element-1322dfd0\" data-id=\"1322dfd0\" data-element_type=\"column\">\n\t\t\t<div class=\"elementor-widget-wrap elementor-element-populated\">\n\t\t\t\t\t\t\t\t<div class=\"elementor-element elementor-element-666df107 elementor-widget elementor-widget-wdes-section-header-widget\" data-id=\"666df107\" data-element_type=\"widget\" data-widget_type=\"wdes-section-header-widget.default\">\n\t\t\t\t<div class=\"elementor-widget-container\">\n\t\t\t<section class=\"widget-content wdes-widget-section-header\"><div class=\"wdes-widget-inner wdes-text-align-center \"><h1 class=\"wdes-section-header-primary\">\u00bfNecesitas asesor\u00eda o tienes alguna duda?<\/h1><\/div><\/section>\t\t<\/div>\n\t\t\t\t<\/div>\n\t\t\t\t<div class=\"elementor-element elementor-element-7b6a1cf6 elementor-align-center elementor-widget__width-auto elementor-widget elementor-widget-button\" data-id=\"7b6a1cf6\" data-element_type=\"widget\" data-widget_type=\"button.default\">\n\t\t\t\t<div class=\"elementor-widget-container\">\n\t\t\t\t\t<div class=\"elementor-button-wrapper\">\n\t\t\t<a href=\"https:\/\/intrepidhost.com\/es-cl\/contacto\/\" class=\"elementor-button-link elementor-button elementor-size-sm\" role=\"button\">\n\t\t\t\t\t\t<span class=\"elementor-button-content-wrapper\">\n\t\t\t\t\t\t<span class=\"elementor-button-text\">Contacto<\/span>\n\t\t<\/span>\n\t\t\t\t\t<\/a>\n\t\t<\/div>\n\t\t\t\t<\/div>\n\t\t\t\t<\/div>\n\t\t\t\t\t<\/div>\n\t\t<\/div>\n\t\t\t\t\t\t\t<\/div>\n\t\t<\/section>\n\t\t\t\t\t\t\t<\/div>\n\t\t","protected":false},"excerpt":{"rendered":"<p>Cultura Nuestra cultura laboral Intrepidhost SAC es una empresa que naci\u00f3 en medio del distanciamiento social y la pandemia por Covid 19 Nuestras oficinas funcionan en la ciudad de Lima \u2013 Per\u00fa. Nacimos como una empresa 100% remota, esto nos permite tener talento humano de todo el mundo. Contamos en nuestro equipo con personas en [&hellip;]<\/p>\n","protected":false},"author":1,"featured_media":0,"parent":0,"menu_order":0,"comment_status":"closed","ping_status":"closed","template":"","meta":{"footnotes":""},"class_list":["post-689","page","type-page","status-publish","hentry"],"_links":{"self":[{"href":"https:\/\/intrepidhost.com\/es-cl\/wp-json\/wp\/v2\/pages\/689","targetHints":{"allow":["GET"]}}],"collection":[{"href":"https:\/\/intrepidhost.com\/es-cl\/wp-json\/wp\/v2\/pages"}],"about":[{"href":"https:\/\/intrepidhost.com\/es-cl\/wp-json\/wp\/v2\/types\/page"}],"author":[{"embeddable":true,"href":"https:\/\/intrepidhost.com\/es-cl\/wp-json\/wp\/v2\/users\/1"}],"replies":[{"embeddable":true,"href":"https:\/\/intrepidhost.com\/es-cl\/wp-json\/wp\/v2\/comments?post=689"}],"version-history":[{"count":4,"href":"https:\/\/intrepidhost.com\/es-cl\/wp-json\/wp\/v2\/pages\/689\/revisions"}],"predecessor-version":[{"id":693,"href":"https:\/\/intrepidhost.com\/es-cl\/wp-json\/wp\/v2\/pages\/689\/revisions\/693"}],"wp:attachment":[{"href":"https:\/\/intrepidhost.com\/es-cl\/wp-json\/wp\/v2\/media?parent=689"}],"curies":[{"name":"wp","href":"https:\/\/api.w.org\/{rel}","templated":true}]}}