{"id":683,"date":"2022-07-20T21:41:30","date_gmt":"2022-07-20T21:41:30","guid":{"rendered":"https:\/\/dev.intrepidhost.com\/es-pe\/?page_id=683"},"modified":"2022-07-20T21:54:26","modified_gmt":"2022-07-20T21:54:26","slug":"politica-de-devolucion","status":"publish","type":"page","link":"https:\/\/intrepidhost.com\/es-mx\/politica-de-devolucion\/","title":{"rendered":"Pol\u00edtica de devoluci\u00f3n"},"content":{"rendered":"\t\t<div data-elementor-type=\"wp-page\" data-elementor-id=\"683\" class=\"elementor elementor-683\">\n\t\t\t\t\t\t\t\t\t<section class=\"elementor-section elementor-top-section elementor-element elementor-element-2882978f static-padding-element elementor-section-boxed elementor-section-height-default elementor-section-height-default\" data-id=\"2882978f\" data-element_type=\"section\" data-settings=\"{&quot;background_background&quot;:&quot;gradient&quot;}\">\n\t\t\t\t\t\t\t<div class=\"elementor-background-overlay\"><\/div>\n\t\t\t\t\t\t\t<div class=\"elementor-container elementor-column-gap-default\">\n\t\t\t\t\t<div class=\"elementor-column elementor-col-100 elementor-top-column elementor-element elementor-element-869693f\" data-id=\"869693f\" data-element_type=\"column\">\n\t\t\t<div class=\"elementor-widget-wrap elementor-element-populated\">\n\t\t\t\t\t\t\t\t<div class=\"elementor-element elementor-element-54cbd954 elementor-widget elementor-widget-wdes-section-header-widget\" data-id=\"54cbd954\" data-element_type=\"widget\" data-widget_type=\"wdes-section-header-widget.default\">\n\t\t\t\t<div class=\"elementor-widget-container\">\n\t\t\t<section class=\"widget-content wdes-widget-section-header\"><div class=\"wdes-widget-inner wdes-text-align-center \"><h1 class=\"wdes-section-header-primary\">Pol\u00edticas de devoluci\u00f3n<\/h1><\/div><\/section>\t\t<\/div>\n\t\t\t\t<\/div>\n\t\t\t\t\t<\/div>\n\t\t<\/div>\n\t\t\t\t\t\t\t<\/div>\n\t\t<\/section>\n\t\t\t\t<section class=\"elementor-section elementor-top-section elementor-element elementor-element-8e5d33a static-padding-element elementor-section-boxed elementor-section-height-default elementor-section-height-default\" data-id=\"8e5d33a\" data-element_type=\"section\" data-settings=\"{&quot;background_background&quot;:&quot;classic&quot;}\">\n\t\t\t\t\t\t<div class=\"elementor-container elementor-column-gap-default\">\n\t\t\t\t\t<div class=\"elementor-column elementor-col-100 elementor-top-column elementor-element elementor-element-ec96867\" data-id=\"ec96867\" data-element_type=\"column\">\n\t\t\t<div class=\"elementor-widget-wrap elementor-element-populated\">\n\t\t\t\t\t\t\t\t<div class=\"elementor-element elementor-element-01aeaac elementor-widget elementor-widget-wdes-section-header-widget\" data-id=\"01aeaac\" data-element_type=\"widget\" data-widget_type=\"wdes-section-header-widget.default\">\n\t\t\t\t<div class=\"elementor-widget-container\">\n\t\t\t<section class=\"widget-content wdes-widget-section-header\"><div class=\"wdes-widget-inner wdes-text-align-center \"><h2 class=\"wdes-section-header-primary\">Pol\u00edticas de devoluci\u00f3n<\/h2><\/div><\/section>\t\t<\/div>\n\t\t\t\t<\/div>\n\t\t\t\t<div class=\"elementor-element elementor-element-6518159 elementor-widget elementor-widget-text-editor\" data-id=\"6518159\" data-element_type=\"widget\" data-widget_type=\"text-editor.default\">\n\t\t\t\t<div class=\"elementor-widget-container\">\n\t\t\t<style>\/*! elementor - v3.7.4 - 31-08-2022 *\/\n.elementor-widget-text-editor.elementor-drop-cap-view-stacked .elementor-drop-cap{background-color:#818a91;color:#fff}.elementor-widget-text-editor.elementor-drop-cap-view-framed .elementor-drop-cap{color:#818a91;border:3px solid;background-color:transparent}.elementor-widget-text-editor:not(.elementor-drop-cap-view-default) .elementor-drop-cap{margin-top:8px}.elementor-widget-text-editor:not(.elementor-drop-cap-view-default) .elementor-drop-cap-letter{width:1em;height:1em}.elementor-widget-text-editor .elementor-drop-cap{float:left;text-align:center;line-height:1;font-size:50px}.elementor-widget-text-editor .elementor-drop-cap-letter{display:inline-block}<\/style>\t\t\t\t<h2>1. Tasas y cargos:<\/h2><p>Los clientes de Intrepidhost SAC, puede cancelar su servicio en cualquier momento y no se le cobrar\u00e1 nuevamente. al contratar un servicio estar\u00e1 aceptando el pago del mismo mas cualquier sobrecargo que se efect\u00fae por motivos de morosidad y otros utilizando el m\u00e9todo de pago que ha seleccionado en el formulario inscripci\u00f3n de cliente. Debe pagar el monto total de las tarifas del servicio, incluso si no lo utiliza.<\/p><h2>2. Politica de reembolso:<\/h2><p>Ser\u00e1 elegible para un reembolso completo si Intrepidhost SAC cancela el servicio antes de que haya iniciado sesi\u00f3n para. Intrepidhost SAC no ofrece reembolsos completos fuera del per\u00edodo de 30 d\u00edas bajo ninguna circunstancia debido a nuestra importante propiedad intelectual y buena voluntad. Tambi\u00e9n puede optar por transferirse a un servicio diferente si encuentra que el servicio elegido no es adecuado, <\/p><p>Los dominios contratados en Intrepidhost.com no cuentan con reembolso de dinero.<\/p><h2>3. \u00bfC\u00f3mo cancelar o solicitar un reembolso?<\/h2><p>Para obtener un reembolso, cont\u00e1ctenos a trav\u00e9s de <a href=\"mailto:administracion@intrepidhost.com\">administracion@intrepidhost.com<\/a> o mediante un ticket en el \u00e1rea de clientes dentro de los 30 d\u00edas posteriores a la compra de alg\u00fan servicio ofrecido por Intrepidhost SAC, Nos reservamos el derecho a denegar reembolsos si, en opini\u00f3n de Intrepidhost SAC, un usuario ha abusado de los <a href=\"https:\/\/intrepidhost.com\/es-mx\/tyc\/\">T\u00e9rminos y Condiciones<\/a> de uso.<\/p><p>\u00a0<\/p><p>\u00a0<\/p><p><strong><em>\u00daltima moficaci\u00f3n 10\/01\/2022<\/em><\/strong><\/p>\t\t\t\t\t\t<\/div>\n\t\t\t\t<\/div>\n\t\t\t\t\t<\/div>\n\t\t<\/div>\n\t\t\t\t\t\t\t<\/div>\n\t\t<\/section>\n\t\t\t\t<section class=\"elementor-section elementor-top-section elementor-element elementor-element-12672016 elementor-section-boxed elementor-section-height-default elementor-section-height-default\" data-id=\"12672016\" data-element_type=\"section\" data-settings=\"{&quot;background_background&quot;:&quot;classic&quot;,&quot;shape_divider_top&quot;:&quot;clouds&quot;}\">\n\t\t\t\t\t\t\t<div class=\"elementor-background-overlay\"><\/div>\n\t\t\t\t\t\t<div class=\"elementor-shape elementor-shape-top\" data-negative=\"false\">\n\t\t\t<svg xmlns=\"http:\/\/www.w3.org\/2000\/svg\" viewBox=\"0 0 283.5 27.8\" preserveAspectRatio=\"xMidYMax slice\">\n  <path class=\"elementor-shape-fill\" d=\"M0 0v6.7c1.9-.8 4.7-1.4 8.5-1 9.5 1.1 11.1 6 11.1 6s2.1-.7 4.3-.2c2.1.5 2.8 2.6 2.8 2.6s.2-.5 1.4-.7c1.2-.2 1.7.2 1.7.2s0-2.1 1.9-2.8c1.9-.7 3.6.7 3.6.7s.7-2.9 3.1-4.1 4.7 0 4.7 0 1.2-.5 2.4 0 1.7 1.4 1.7 1.4h1.4c.7 0 1.2.7 1.2.7s.8-1.8 4-2.2c3.5-.4 5.3 2.4 6.2 4.4.4-.4 1-.7 1.8-.9 2.8-.7 4 .7 4 .7s1.7-5 11.1-6c9.5-1.1 12.3 3.9 12.3 3.9s1.2-4.8 5.7-5.7c4.5-.9 6.8 1.8 6.8 1.8s.6-.6 1.5-.9c.9-.2 1.9-.2 1.9-.2s5.2-6.4 12.6-3.3c7.3 3.1 4.7 9 4.7 9s1.9-.9 4 0 2.8 2.4 2.8 2.4 1.9-1.2 4.5-1.2 4.3 1.2 4.3 1.2.2-1 1.4-1.7 2.1-.7 2.1-.7-.5-3.1 2.1-5.5 5.7-1.4 5.7-1.4 1.5-2.3 4.2-1.1c2.7 1.2 1.7 5.2 1.7 5.2s.3-.1 1.3.5c.5.4.8.8.9 1.1.5-1.4 2.4-5.8 8.4-4 7.1 2.1 3.5 8.9 3.5 8.9s.8-.4 2 0 1.1 1.1 1.1 1.1 1.1-1.1 2.3-1.1 2.1.5 2.1.5 1.9-3.6 6.2-1.2 1.9 6.4 1.9 6.4 2.6-2.4 7.4 0c3.4 1.7 3.9 4.9 3.9 4.9s3.3-6.9 10.4-7.9 11.5 2.6 11.5 2.6.8 0 1.2.2c.4.2.9.9.9.9s4.4-3.1 8.3.2c1.9 1.7 1.5 5 1.5 5s.3-1.1 1.6-1.4c1.3-.3 2.3.2 2.3.2s-.1-1.2.5-1.9 1.9-.9 1.9-.9-4.7-9.3 4.4-13.4c5.6-2.5 9.2.9 9.2.9s5-6.2 15.9-6.2 16.1 8.1 16.1 8.1.7-.2 1.6-.4V0H0z\"\/>\n<\/svg>\n\t\t<\/div>\n\t\t\t\t\t<div class=\"elementor-container elementor-column-gap-default\">\n\t\t\t\t\t<div class=\"elementor-column elementor-col-100 elementor-top-column elementor-element elementor-element-1322dfd0\" data-id=\"1322dfd0\" data-element_type=\"column\">\n\t\t\t<div class=\"elementor-widget-wrap elementor-element-populated\">\n\t\t\t\t\t\t\t\t<div class=\"elementor-element elementor-element-666df107 elementor-widget elementor-widget-wdes-section-header-widget\" data-id=\"666df107\" data-element_type=\"widget\" data-widget_type=\"wdes-section-header-widget.default\">\n\t\t\t\t<div class=\"elementor-widget-container\">\n\t\t\t<section class=\"widget-content wdes-widget-section-header\"><div class=\"wdes-widget-inner wdes-text-align-center \"><h1 class=\"wdes-section-header-primary\">\u00bfNecesitas asesor\u00eda o tienes alguna duda?<\/h1><\/div><\/section>\t\t<\/div>\n\t\t\t\t<\/div>\n\t\t\t\t<div class=\"elementor-element elementor-element-7b6a1cf6 elementor-align-center elementor-widget__width-auto elementor-widget elementor-widget-button\" data-id=\"7b6a1cf6\" data-element_type=\"widget\" data-widget_type=\"button.default\">\n\t\t\t\t<div class=\"elementor-widget-container\">\n\t\t\t\t\t<div class=\"elementor-button-wrapper\">\n\t\t\t<a href=\"https:\/\/intrepidhost.com\/es-mx\/contacto\/\" class=\"elementor-button-link elementor-button elementor-size-sm\" role=\"button\">\n\t\t\t\t\t\t<span class=\"elementor-button-content-wrapper\">\n\t\t\t\t\t\t<span class=\"elementor-button-text\">Contacto<\/span>\n\t\t<\/span>\n\t\t\t\t\t<\/a>\n\t\t<\/div>\n\t\t\t\t<\/div>\n\t\t\t\t<\/div>\n\t\t\t\t\t<\/div>\n\t\t<\/div>\n\t\t\t\t\t\t\t<\/div>\n\t\t<\/section>\n\t\t\t\t\t\t\t<\/div>\n\t\t","protected":false},"excerpt":{"rendered":"<p>Pol\u00edticas de devoluci\u00f3n Pol\u00edticas de devoluci\u00f3n 1. Tasas y cargos: Los clientes de Intrepidhost SAC, puede cancelar su servicio en cualquier momento y no se le cobrar\u00e1 nuevamente. al contratar un servicio estar\u00e1 aceptando el pago del mismo mas cualquier sobrecargo que se efect\u00fae por motivos de morosidad y otros utilizando el m\u00e9todo de pago [&hellip;]<\/p>\n","protected":false},"author":1,"featured_media":0,"parent":0,"menu_order":0,"comment_status":"closed","ping_status":"closed","template":"","meta":{"footnotes":""},"class_list":["post-683","page","type-page","status-publish","hentry"],"_links":{"self":[{"href":"https:\/\/intrepidhost.com\/es-mx\/wp-json\/wp\/v2\/pages\/683","targetHints":{"allow":["GET"]}}],"collection":[{"href":"https:\/\/intrepidhost.com\/es-mx\/wp-json\/wp\/v2\/pages"}],"about":[{"href":"https:\/\/intrepidhost.com\/es-mx\/wp-json\/wp\/v2\/types\/page"}],"author":[{"embeddable":true,"href":"https:\/\/intrepidhost.com\/es-mx\/wp-json\/wp\/v2\/users\/1"}],"replies":[{"embeddable":true,"href":"https:\/\/intrepidhost.com\/es-mx\/wp-json\/wp\/v2\/comments?post=683"}],"version-history":[{"count":4,"href":"https:\/\/intrepidhost.com\/es-mx\/wp-json\/wp\/v2\/pages\/683\/revisions"}],"predecessor-version":[{"id":687,"href":"https:\/\/intrepidhost.com\/es-mx\/wp-json\/wp\/v2\/pages\/683\/revisions\/687"}],"wp:attachment":[{"href":"https:\/\/intrepidhost.com\/es-mx\/wp-json\/wp\/v2\/media?parent=683"}],"curies":[{"name":"wp","href":"https:\/\/api.w.org\/{rel}","templated":true}]}}