{"id":678,"date":"2022-07-20T21:36:35","date_gmt":"2022-07-20T21:36:35","guid":{"rendered":"https:\/\/dev.intrepidhost.com\/es-pe\/?page_id=678"},"modified":"2022-07-20T21:59:55","modified_gmt":"2022-07-20T21:59:55","slug":"politica-de-privacidad","status":"publish","type":"page","link":"https:\/\/intrepidhost.com\/es-pe\/politica-de-privacidad","title":{"rendered":"Pol\u00edtica de privacidad"},"content":{"rendered":"\t\t<div data-elementor-type=\"wp-page\" data-elementor-id=\"678\" class=\"elementor elementor-678\">\n\t\t\t\t\t\t\t\t\t<section class=\"elementor-section elementor-top-section elementor-element elementor-element-2882978f static-padding-element elementor-section-boxed elementor-section-height-default elementor-section-height-default\" data-id=\"2882978f\" data-element_type=\"section\" data-settings=\"{&quot;background_background&quot;:&quot;gradient&quot;}\">\n\t\t\t\t\t\t\t<div class=\"elementor-background-overlay\"><\/div>\n\t\t\t\t\t\t\t<div class=\"elementor-container elementor-column-gap-default\">\n\t\t\t\t\t<div class=\"elementor-column elementor-col-100 elementor-top-column elementor-element elementor-element-869693f\" data-id=\"869693f\" data-element_type=\"column\">\n\t\t\t<div class=\"elementor-widget-wrap elementor-element-populated\">\n\t\t\t\t\t\t\t\t<div class=\"elementor-element elementor-element-54cbd954 elementor-widget elementor-widget-wdes-section-header-widget\" data-id=\"54cbd954\" data-element_type=\"widget\" data-widget_type=\"wdes-section-header-widget.default\">\n\t\t\t\t<div class=\"elementor-widget-container\">\n\t\t\t<section class=\"widget-content wdes-widget-section-header\"><div class=\"wdes-widget-inner wdes-text-align-center \"><h1 class=\"wdes-section-header-primary\">Pol\u00edtica de privacidad<\/h1><\/div><\/section>\t\t<\/div>\n\t\t\t\t<\/div>\n\t\t\t\t\t<\/div>\n\t\t<\/div>\n\t\t\t\t\t\t\t<\/div>\n\t\t<\/section>\n\t\t\t\t<section class=\"elementor-section elementor-top-section elementor-element elementor-element-8e5d33a static-padding-element elementor-section-boxed elementor-section-height-default elementor-section-height-default\" data-id=\"8e5d33a\" data-element_type=\"section\" data-settings=\"{&quot;background_background&quot;:&quot;classic&quot;}\">\n\t\t\t\t\t\t<div class=\"elementor-container elementor-column-gap-default\">\n\t\t\t\t\t<div class=\"elementor-column elementor-col-100 elementor-top-column elementor-element elementor-element-ec96867\" data-id=\"ec96867\" data-element_type=\"column\">\n\t\t\t<div class=\"elementor-widget-wrap elementor-element-populated\">\n\t\t\t\t\t\t\t\t<div class=\"elementor-element elementor-element-01aeaac elementor-widget elementor-widget-wdes-section-header-widget\" data-id=\"01aeaac\" data-element_type=\"widget\" data-widget_type=\"wdes-section-header-widget.default\">\n\t\t\t\t<div class=\"elementor-widget-container\">\n\t\t\t<section class=\"widget-content wdes-widget-section-header\"><div class=\"wdes-widget-inner wdes-text-align-center \"><h2 class=\"wdes-section-header-primary\">Pol\u00edtica de privacidad<\/h2><\/div><\/section>\t\t<\/div>\n\t\t\t\t<\/div>\n\t\t\t\t<div class=\"elementor-element elementor-element-6518159 elementor-widget elementor-widget-text-editor\" data-id=\"6518159\" data-element_type=\"widget\" data-widget_type=\"text-editor.default\">\n\t\t\t\t<div class=\"elementor-widget-container\">\n\t\t\t<style>\/*! elementor - v3.7.4 - 31-08-2022 *\/\n.elementor-widget-text-editor.elementor-drop-cap-view-stacked .elementor-drop-cap{background-color:#818a91;color:#fff}.elementor-widget-text-editor.elementor-drop-cap-view-framed .elementor-drop-cap{color:#818a91;border:3px solid;background-color:transparent}.elementor-widget-text-editor:not(.elementor-drop-cap-view-default) .elementor-drop-cap{margin-top:8px}.elementor-widget-text-editor:not(.elementor-drop-cap-view-default) .elementor-drop-cap-letter{width:1em;height:1em}.elementor-widget-text-editor .elementor-drop-cap{float:left;text-align:center;line-height:1;font-size:50px}.elementor-widget-text-editor .elementor-drop-cap-letter{display:inline-block}<\/style>\t\t\t\t<div><div><p align=\"justify\">Intrepidhost<strong> SAC.<\/strong> est\u00e1 comprometido a proteger al m\u00e1ximo la privacidad de los servicios brindados y de los datos de sus clientes. Se expone a continuaci\u00f3n la pol\u00edtica de privacidad que se utiliza con su informaci\u00f3n personal cuando use nuestros servicios.<\/p><\/div><\/div><h2><b>Datos y uso de la informaci\u00f3n.<\/b><\/h2><div><div><p align=\"justify\"><strong>Intrepidhost SAC.<\/strong> recoge informaci\u00f3n personal de clientes que se registran para obtener un servicio. Dicha informaci\u00f3n sirve para que nosotros podamos estar en contacto con usted ante la necesidad de hacerlo, para que pueda utilizar nuestros servicios en plenitud, para que pueda participar de promociones y beneficios, y por sobre todas las cosas, por seguridad.<\/p><p align=\"justify\">Cuando usted contrata un servicio en <strong>Intrepidhost SAC.<\/strong>, le solicitamos: Datos personales y de contacto, adem\u00e1s de los datos referentes al servicio por utilizar. Es a partir de all\u00ed que usted empieza a ser cliente de nuestra empresa.<\/p><p align=\"justify\">Tambi\u00e9n recibimos y registramos informaci\u00f3n proveniente de su navegador: Direcci\u00f3n IP y cookies de nuestro sitio web. Utilizamos esta informaci\u00f3n como medio de seguridad y para su mejor atenci\u00f3n.<\/p><\/div><\/div><h2><b>Sobre los menores de edad.<\/b><\/h2><div><div><p align=\"justify\">Le informamos que si usted es menor de edad, necesitar\u00e1 del consentimiento de sus padres o tutores antes de facilitarnos sus datos personales. <strong>Intrepidhost SAC.<\/strong> da por hecho que desde el momento en que un menor de edad accede al portal, cuenta con el permiso de sus padres, de su tutor o de su representante legal.<\/p><\/div><\/div><h2><b>Compartir o Revelar Informaci\u00f3n<\/b><\/h2><div><div><p align=\"justify\"><strong>Intrepidhost SAC.<\/strong> no vende ni alquila a nadie informaci\u00f3n personal de sus usuarios bajo ning\u00fan concepto. <strong>Intrepidhost SAC.<\/strong> compartir\u00e1 la informaci\u00f3n personal que nos proporcionas solo si:<\/p><ul><li>a. Nos vemos en la necesidad de responder a citaciones jur\u00eddicas y\/o a procesos legales.<\/li><li>b.<strong> Intrepidhost SAC.<\/strong> fuera adquirido por otra compa\u00f1\u00eda o se fusione con ella. Si esto sucediera, <strong>Intrepidhost SAC.<\/strong> le notificar\u00e1 que compartir\u00e1 su informaci\u00f3n personal antes de transferirla o regirla por otra pol\u00edtica de privacidad distinta a la presente.<\/li><\/ul><\/div><\/div><h2><b>Uso de Cookies<\/b><\/h2><div><div><p><b><u>Intrepidhost SAC<\/u><\/b> utilizamos cookies propias y de terceros para mejorar su experiencia de usuario y ofrecerle los mejores servicios en la web intrepidhost.com.<\/p><p>Si usted navega por nuestro sitio web, estar\u00e1s aceptando el uso de las cookies en las condiciones establecidas en la presente Pol\u00edtica de cookies. Esta pol\u00edtica puede ser actualizada, por lo que le invitamos a revisarla de forma regular.<\/p><h3><b>Cookies propias<\/b><\/h3><p>\u00a0<\/p><table border=\"1\" width=\"100%\" cellspacing=\"0\" cellpadding=\"1\"><tbody><tr><td width=\"30%\"><b>Tipo de cookie<\/b><\/td><td width=\"30%\"><b>Informaci\u00f3n que recoge<\/b><\/td><td><b>Para qu\u00e9 se utiliza<\/b><\/td><\/tr><tr><td valign=\"bottom\"><b>De sesi\u00f3n.<\/b><\/td><td valign=\"bottom\">Informaci\u00f3n de sesi\u00f3n.<\/td><td valign=\"bottom\">Son temporales y desaparecen cuando finaliza la sesi\u00f3n. Ayudan a analizar pautas de tr\u00e1fico en la web para adecuar a ellas nuestros servicios.<\/td><\/tr><tr><td valign=\"bottom\"><b>T\u00e9cnicas y funcionales.<\/b><\/td><td valign=\"bottom\">Un identificador de usuario por sesi\u00f3n y los par\u00e1metros necesarios para navegar.<\/td><td valign=\"bottom\">Son estrictamente necesarias para navegar por intrepidhost.com y utilizar sus diferentes opciones o servicios.<\/td><\/tr><\/tbody><\/table><\/div><\/div><h3><b>Cookies de terceros<\/b><\/h3><table border=\"1\" width=\"100%\" cellspacing=\"0\" cellpadding=\"1\"><tbody><tr><td width=\"30%\"><b>Tipo de cookie<\/b><\/td><td width=\"30%\"><b>Informaci\u00f3n que recoge<\/b><\/td><td><b>Para qu\u00e9 se utiliza<\/b><\/td><\/tr><tr><td valign=\"bottom\"><p><b>De an\u00e1lisis.<\/b><\/p><p>\u00b7<\/p><p>Anal\u00edticas<\/p><\/td><td valign=\"bottom\">Tipo de dispositivo, navegador usado, origen del acceso a la web, actividad de navegaci\u00f3n y t\u00e9rminos de b\u00fasqueda utilizados.<\/td><td valign=\"bottom\">Sirven para analizar los h\u00e1bitos de navegaci\u00f3n de<br \/>los usuarios, con el objetivo de optimizar las funcionalidades y el<br \/>mantenimiento t\u00e9cnico y operativo del site y garantizar el mejor<br \/>servicio posible.<\/td><\/tr><\/tbody><\/table><h2><b>Eliminaci\u00f3n o Modificaci\u00f3n de la Informaci\u00f3n<\/b><\/h2><div><div><p align=\"justify\"><strong>Intrepidhost SAC.<\/strong> le permite modificar su informaci\u00f3n de contacto desde el \u00e1rea de clientes en forma parcial. Si necesitase modificar datos no se pueden modificar desde el \u00e1rea de clientes, puede contactar con nuestros operadores v\u00eda ticket de soporte.<\/p><\/div><\/div><h2><b>Seguridad de la Informaci\u00f3n<\/b><\/h2><div><div><p align=\"justify\">La informaci\u00f3n personal de su cuenta en <strong>Intrepidhost SAC.<\/strong> est\u00e1 protegida por una contrase\u00f1a.<\/p><p align=\"justify\"><strong>Intrepidhost SAC.<\/strong> protege la transmisi\u00f3n de sus datos personales con la tecnolog\u00eda SSL (Secure Sockets Layer) y los almacena en un formato codificado (encriptado). El acceso a su informaci\u00f3n personal est\u00e1 limitado s\u00f3lo a aquellos empleados de <strong>Intrepidhost SAC.<\/strong> quienes consideramos necesitan tener contacto con esos datos para proporcionarle soporte o asistencia a los productos o servicios contratados.<\/p><\/div><\/div><h2><b>Modificaciones a la Pol\u00edtica de Privacidad<\/b><\/h2><div><div><p align=\"justify\"><strong>Intrepidhost SAC.<\/strong> realiza correcciones a estas pol\u00edticas ocasionalmente. Si los cambios que realizamos son importantes y afectan directamente al uso que le damos a la informaci\u00f3n personal de nuestros usuarios, se los haremos saber colocando en nuestras p\u00e1ginas avisos destacados al respecto.<\/p><\/div><\/div><h2><b>Sugerencias<\/b><\/h2><div><div><p>Si tiene dudas o sugerencias respecto de nuestra Pol\u00edtica de privacidad, por favor cont\u00e1ctenos.<\/p><p>\u00a0<\/p><p>\u00a0<\/p><p><em><strong>\u00daltima modificaci\u00f3n 10\/01\/2022<\/strong><\/em><\/p><\/div><\/div>\t\t\t\t\t\t<\/div>\n\t\t\t\t<\/div>\n\t\t\t\t\t<\/div>\n\t\t<\/div>\n\t\t\t\t\t\t\t<\/div>\n\t\t<\/section>\n\t\t\t\t<section class=\"elementor-section elementor-top-section elementor-element elementor-element-12672016 elementor-section-boxed elementor-section-height-default elementor-section-height-default\" data-id=\"12672016\" data-element_type=\"section\" data-settings=\"{&quot;background_background&quot;:&quot;classic&quot;,&quot;shape_divider_top&quot;:&quot;clouds&quot;}\">\n\t\t\t\t\t\t\t<div class=\"elementor-background-overlay\"><\/div>\n\t\t\t\t\t\t<div class=\"elementor-shape elementor-shape-top\" data-negative=\"false\">\n\t\t\t<svg xmlns=\"http:\/\/www.w3.org\/2000\/svg\" viewBox=\"0 0 283.5 27.8\" preserveAspectRatio=\"xMidYMax slice\">\n  <path class=\"elementor-shape-fill\" d=\"M0 0v6.7c1.9-.8 4.7-1.4 8.5-1 9.5 1.1 11.1 6 11.1 6s2.1-.7 4.3-.2c2.1.5 2.8 2.6 2.8 2.6s.2-.5 1.4-.7c1.2-.2 1.7.2 1.7.2s0-2.1 1.9-2.8c1.9-.7 3.6.7 3.6.7s.7-2.9 3.1-4.1 4.7 0 4.7 0 1.2-.5 2.4 0 1.7 1.4 1.7 1.4h1.4c.7 0 1.2.7 1.2.7s.8-1.8 4-2.2c3.5-.4 5.3 2.4 6.2 4.4.4-.4 1-.7 1.8-.9 2.8-.7 4 .7 4 .7s1.7-5 11.1-6c9.5-1.1 12.3 3.9 12.3 3.9s1.2-4.8 5.7-5.7c4.5-.9 6.8 1.8 6.8 1.8s.6-.6 1.5-.9c.9-.2 1.9-.2 1.9-.2s5.2-6.4 12.6-3.3c7.3 3.1 4.7 9 4.7 9s1.9-.9 4 0 2.8 2.4 2.8 2.4 1.9-1.2 4.5-1.2 4.3 1.2 4.3 1.2.2-1 1.4-1.7 2.1-.7 2.1-.7-.5-3.1 2.1-5.5 5.7-1.4 5.7-1.4 1.5-2.3 4.2-1.1c2.7 1.2 1.7 5.2 1.7 5.2s.3-.1 1.3.5c.5.4.8.8.9 1.1.5-1.4 2.4-5.8 8.4-4 7.1 2.1 3.5 8.9 3.5 8.9s.8-.4 2 0 1.1 1.1 1.1 1.1 1.1-1.1 2.3-1.1 2.1.5 2.1.5 1.9-3.6 6.2-1.2 1.9 6.4 1.9 6.4 2.6-2.4 7.4 0c3.4 1.7 3.9 4.9 3.9 4.9s3.3-6.9 10.4-7.9 11.5 2.6 11.5 2.6.8 0 1.2.2c.4.2.9.9.9.9s4.4-3.1 8.3.2c1.9 1.7 1.5 5 1.5 5s.3-1.1 1.6-1.4c1.3-.3 2.3.2 2.3.2s-.1-1.2.5-1.9 1.9-.9 1.9-.9-4.7-9.3 4.4-13.4c5.6-2.5 9.2.9 9.2.9s5-6.2 15.9-6.2 16.1 8.1 16.1 8.1.7-.2 1.6-.4V0H0z\"\/>\n<\/svg>\n\t\t<\/div>\n\t\t\t\t\t<div class=\"elementor-container elementor-column-gap-default\">\n\t\t\t\t\t<div class=\"elementor-column elementor-col-100 elementor-top-column elementor-element elementor-element-1322dfd0\" data-id=\"1322dfd0\" data-element_type=\"column\">\n\t\t\t<div class=\"elementor-widget-wrap elementor-element-populated\">\n\t\t\t\t\t\t\t\t<div class=\"elementor-element elementor-element-666df107 elementor-widget elementor-widget-wdes-section-header-widget\" data-id=\"666df107\" data-element_type=\"widget\" data-widget_type=\"wdes-section-header-widget.default\">\n\t\t\t\t<div class=\"elementor-widget-container\">\n\t\t\t<section class=\"widget-content wdes-widget-section-header\"><div class=\"wdes-widget-inner wdes-text-align-center \"><h1 class=\"wdes-section-header-primary\">\u00bfNecesitas asesor\u00eda o tienes alguna duda?<\/h1><\/div><\/section>\t\t<\/div>\n\t\t\t\t<\/div>\n\t\t\t\t<div class=\"elementor-element elementor-element-7b6a1cf6 elementor-align-center elementor-widget__width-auto elementor-widget elementor-widget-button\" data-id=\"7b6a1cf6\" data-element_type=\"widget\" data-widget_type=\"button.default\">\n\t\t\t\t<div class=\"elementor-widget-container\">\n\t\t\t\t\t<div class=\"elementor-button-wrapper\">\n\t\t\t<a href=\"https:\/\/intrepidhost.com\/es-pe\/contacto\/\" class=\"elementor-button-link elementor-button elementor-size-sm\" role=\"button\">\n\t\t\t\t\t\t<span class=\"elementor-button-content-wrapper\">\n\t\t\t\t\t\t<span class=\"elementor-button-text\">Contacto<\/span>\n\t\t<\/span>\n\t\t\t\t\t<\/a>\n\t\t<\/div>\n\t\t\t\t<\/div>\n\t\t\t\t<\/div>\n\t\t\t\t\t<\/div>\n\t\t<\/div>\n\t\t\t\t\t\t\t<\/div>\n\t\t<\/section>\n\t\t\t\t\t\t\t<\/div>\n\t\t","protected":false},"excerpt":{"rendered":"<p>Pol\u00edtica de privacidad Pol\u00edtica de privacidad Intrepidhost SAC. est\u00e1 comprometido a proteger al m\u00e1ximo la privacidad de los servicios brindados y de los datos de sus clientes. Se expone a continuaci\u00f3n la pol\u00edtica de privacidad que se utiliza con su informaci\u00f3n personal cuando use nuestros servicios. Datos y uso de la informaci\u00f3n. Intrepidhost SAC. recoge [&hellip;]<\/p>\n","protected":false},"author":1,"featured_media":0,"parent":0,"menu_order":0,"comment_status":"closed","ping_status":"closed","template":"","meta":{"footnotes":""},"class_list":["post-678","page","type-page","status-publish","hentry"],"_links":{"self":[{"href":"https:\/\/intrepidhost.com\/es-pe\/wp-json\/wp\/v2\/pages\/678","targetHints":{"allow":["GET"]}}],"collection":[{"href":"https:\/\/intrepidhost.com\/es-pe\/wp-json\/wp\/v2\/pages"}],"about":[{"href":"https:\/\/intrepidhost.com\/es-pe\/wp-json\/wp\/v2\/types\/page"}],"author":[{"embeddable":true,"href":"https:\/\/intrepidhost.com\/es-pe\/wp-json\/wp\/v2\/users\/1"}],"replies":[{"embeddable":true,"href":"https:\/\/intrepidhost.com\/es-pe\/wp-json\/wp\/v2\/comments?post=678"}],"version-history":[{"count":7,"href":"https:\/\/intrepidhost.com\/es-pe\/wp-json\/wp\/v2\/pages\/678\/revisions"}],"predecessor-version":[{"id":696,"href":"https:\/\/intrepidhost.com\/es-pe\/wp-json\/wp\/v2\/pages\/678\/revisions\/696"}],"wp:attachment":[{"href":"https:\/\/intrepidhost.com\/es-pe\/wp-json\/wp\/v2\/media?parent=678"}],"curies":[{"name":"wp","href":"https:\/\/api.w.org\/{rel}","templated":true}]}}